{"id":3,"date":"2022-06-25T00:27:46","date_gmt":"2022-06-25T00:27:46","guid":{"rendered":"https:\/\/cg-sys.com\/home\/?page_id=3"},"modified":"2022-08-10T20:38:19","modified_gmt":"2022-08-11T01:38:19","slug":"politicas","status":"publish","type":"page","link":"https:\/\/cg-sys.com\/home\/politicas\/","title":{"rendered":"POL\u00cdTICAS"},"content":{"rendered":"\t\t<div data-elementor-type=\"wp-page\" data-elementor-id=\"3\" class=\"elementor elementor-3\" data-elementor-post-type=\"page\">\n\t\t\t\t\t\t<section class=\"elementor-section elementor-top-section elementor-element elementor-element-924f926 elementor-section-height-min-height elementor-section-content-middle elementor-section-full_width elementor-section-stretched elementor-section-height-default elementor-section-items-middle\" data-id=\"924f926\" data-element_type=\"section\" data-e-type=\"section\" data-settings=\"{&quot;background_background&quot;:&quot;classic&quot;,&quot;stretch_section&quot;:&quot;section-stretched&quot;}\">\n\t\t\t\t\t\t<div class=\"elementor-container elementor-column-gap-default\">\n\t\t\t\t\t<div class=\"elementor-column elementor-col-100 elementor-top-column elementor-element elementor-element-b7aba69\" data-id=\"b7aba69\" data-element_type=\"column\" data-e-type=\"column\">\n\t\t\t<div class=\"elementor-widget-wrap elementor-element-populated\">\n\t\t\t\t\t\t<div class=\"elementor-element elementor-element-1c03379 elementor-widget elementor-widget-heading\" data-id=\"1c03379\" data-element_type=\"widget\" data-e-type=\"widget\" data-widget_type=\"heading.default\">\n\t\t\t\t<div class=\"elementor-widget-container\">\n\t\t\t\t\t<h2 class=\"elementor-heading-title elementor-size-default\">POL\u00cdTICAS<\/h2>\t\t\t\t<\/div>\n\t\t\t\t<\/div>\n\t\t\t\t<div class=\"elementor-element elementor-element-1acac9a elementor-widget elementor-widget-text-editor\" data-id=\"1acac9a\" data-element_type=\"widget\" data-e-type=\"widget\" data-widget_type=\"text-editor.default\">\n\t\t\t\t<div class=\"elementor-widget-container\">\n\t\t\t\t\t\t\t\t\t<p>Revise y descargue nuestras variadas pol\u00edticas respecto a la seguridad y el uso de sus datos en un solo documento.<\/p>\t\t\t\t\t\t\t\t<\/div>\n\t\t\t\t<\/div>\n\t\t\t\t\t<\/div>\n\t\t<\/div>\n\t\t\t\t\t<\/div>\n\t\t<\/section>\n\t\t\t\t<section class=\"elementor-section elementor-top-section elementor-element elementor-element-c56e5ea elementor-section-content-middle elementor-section-stretched elementor-section-boxed elementor-section-height-default elementor-section-height-default\" data-id=\"c56e5ea\" data-element_type=\"section\" data-e-type=\"section\" data-settings=\"{&quot;stretch_section&quot;:&quot;section-stretched&quot;}\">\n\t\t\t\t\t\t<div class=\"elementor-container elementor-column-gap-no\">\n\t\t\t\t\t<div class=\"elementor-column elementor-col-100 elementor-top-column elementor-element elementor-element-a5f9c0e\" data-id=\"a5f9c0e\" data-element_type=\"column\" data-e-type=\"column\">\n\t\t\t<div class=\"elementor-widget-wrap elementor-element-populated\">\n\t\t\t\t\t\t<div class=\"elementor-element elementor-element-7166a88 elementor-widget elementor-widget-text-editor\" data-id=\"7166a88\" data-element_type=\"widget\" data-e-type=\"widget\" data-widget_type=\"text-editor.default\">\n\t\t\t\t<div class=\"elementor-widget-container\">\n\t\t\t\t\t\t\t\t\t<p>Descarga y revisa nuestras pol\u00edticas:<\/p>\t\t\t\t\t\t\t\t<\/div>\n\t\t\t\t<\/div>\n\t\t\t\t<div class=\"elementor-element elementor-element-b32c18a elementor-align-start elementor-list-item-link-full_width elementor-widget elementor-widget-icon-list\" data-id=\"b32c18a\" data-element_type=\"widget\" data-e-type=\"widget\" data-widget_type=\"icon-list.default\">\n\t\t\t\t<div class=\"elementor-widget-container\">\n\t\t\t\t\t\t\t<ul class=\"elementor-icon-list-items\">\n\t\t\t\t\t\t\t<li class=\"elementor-icon-list-item\">\n\t\t\t\t\t\t\t\t\t\t\t<a href=\"https:\/\/cg-sys.com\/home\/wp-content\/uploads\/2022\/07\/politica_de_privacidad_y_cookies_cgsys.pdf\" target=\"_blank\">\n\n\t\t\t\t\t\t\t\t\t\t\t\t<span class=\"elementor-icon-list-icon\">\n\t\t\t\t\t\t\t<svg aria-hidden=\"true\" class=\"e-font-icon-svg e-fas-download\" viewBox=\"0 0 512 512\" xmlns=\"http:\/\/www.w3.org\/2000\/svg\"><path d=\"M216 0h80c13.3 0 24 10.7 24 24v168h87.7c17.8 0 26.7 21.5 14.1 34.1L269.7 378.3c-7.5 7.5-19.8 7.5-27.3 0L90.1 226.1c-12.6-12.6-3.7-34.1 14.1-34.1H192V24c0-13.3 10.7-24 24-24zm296 376v112c0 13.3-10.7 24-24 24H24c-13.3 0-24-10.7-24-24V376c0-13.3 10.7-24 24-24h146.7l49 49c20.1 20.1 52.5 20.1 72.6 0l49-49H488c13.3 0 24 10.7 24 24zm-124 88c0-11-9-20-20-20s-20 9-20 20 9 20 20 20 20-9 20-20zm64 0c0-11-9-20-20-20s-20 9-20 20 9 20 20 20 20-9 20-20z\"><\/path><\/svg>\t\t\t\t\t\t<\/span>\n\t\t\t\t\t\t\t\t\t\t<span class=\"elementor-icon-list-text\">POL\u00cdTICA DE PRIVACIDAD Y COOKIES<\/span>\n\t\t\t\t\t\t\t\t\t\t\t<\/a>\n\t\t\t\t\t\t\t\t\t<\/li>\n\t\t\t\t\t\t\t\t<li class=\"elementor-icon-list-item\">\n\t\t\t\t\t\t\t\t\t\t\t<a href=\"https:\/\/cg-sys.com\/home\/wp-content\/uploads\/2022\/07\/politica_de_seguridad_de_la_Informacion_cgsys.pdf\" target=\"_blank\" download=\"01_Politica_de_Seguridad_de_la_Informacion-nop.pdf\">\n\n\t\t\t\t\t\t\t\t\t\t\t\t<span class=\"elementor-icon-list-icon\">\n\t\t\t\t\t\t\t<svg aria-hidden=\"true\" class=\"e-font-icon-svg e-fas-download\" viewBox=\"0 0 512 512\" xmlns=\"http:\/\/www.w3.org\/2000\/svg\"><path d=\"M216 0h80c13.3 0 24 10.7 24 24v168h87.7c17.8 0 26.7 21.5 14.1 34.1L269.7 378.3c-7.5 7.5-19.8 7.5-27.3 0L90.1 226.1c-12.6-12.6-3.7-34.1 14.1-34.1H192V24c0-13.3 10.7-24 24-24zm296 376v112c0 13.3-10.7 24-24 24H24c-13.3 0-24-10.7-24-24V376c0-13.3 10.7-24 24-24h146.7l49 49c20.1 20.1 52.5 20.1 72.6 0l49-49H488c13.3 0 24 10.7 24 24zm-124 88c0-11-9-20-20-20s-20 9-20 20 9 20 20 20 20-9 20-20zm64 0c0-11-9-20-20-20s-20 9-20 20 9 20 20 20 20-9 20-20z\"><\/path><\/svg>\t\t\t\t\t\t<\/span>\n\t\t\t\t\t\t\t\t\t\t<span class=\"elementor-icon-list-text\">POL\u00cdTICA DE SEGURIDAD DE LA INFORMACI\u00d3N<\/span>\n\t\t\t\t\t\t\t\t\t\t\t<\/a>\n\t\t\t\t\t\t\t\t\t<\/li>\n\t\t\t\t\t\t<\/ul>\n\t\t\t\t\t\t<\/div>\n\t\t\t\t<\/div>\n\t\t\t\t\t<\/div>\n\t\t<\/div>\n\t\t\t\t\t<\/div>\n\t\t<\/section>\n\t\t\t\t<section class=\"elementor-section elementor-top-section elementor-element elementor-element-da2c626 elementor-section-content-middle elementor-section-stretched elementor-section-boxed elementor-section-height-default elementor-section-height-default\" data-id=\"da2c626\" data-element_type=\"section\" data-e-type=\"section\" data-settings=\"{&quot;stretch_section&quot;:&quot;section-stretched&quot;,&quot;background_background&quot;:&quot;classic&quot;}\">\n\t\t\t\t\t\t<div class=\"elementor-container elementor-column-gap-no\">\n\t\t\t\t\t<div class=\"elementor-column elementor-col-100 elementor-top-column elementor-element elementor-element-ca0403f\" data-id=\"ca0403f\" data-element_type=\"column\" data-e-type=\"column\">\n\t\t\t<div class=\"elementor-widget-wrap elementor-element-populated\">\n\t\t\t\t\t\t<div class=\"elementor-element elementor-element-a09c3da elementor-widget elementor-widget-heading\" data-id=\"a09c3da\" data-element_type=\"widget\" data-e-type=\"widget\" data-widget_type=\"heading.default\">\n\t\t\t\t<div class=\"elementor-widget-container\">\n\t\t\t\t\t<h4 class=\"elementor-heading-title elementor-size-default\">CONTACTO<\/h4>\t\t\t\t<\/div>\n\t\t\t\t<\/div>\n\t\t\t\t<div class=\"elementor-element elementor-element-e02e440 elementor-button-align-start elementor-widget elementor-widget-form\" data-id=\"e02e440\" data-element_type=\"widget\" data-e-type=\"widget\" data-settings=\"{&quot;button_width&quot;:&quot;50&quot;,&quot;step_next_label&quot;:&quot;Siguiente&quot;,&quot;step_previous_label&quot;:&quot;Anterior&quot;,&quot;step_type&quot;:&quot;number_text&quot;,&quot;step_icon_shape&quot;:&quot;circle&quot;}\" data-widget_type=\"form.default\">\n\t\t\t\t<div class=\"elementor-widget-container\">\n\t\t\t\t\t\t\t<form class=\"elementor-form\" method=\"post\" name=\"Formulario Pol\u00edticas de Privacidad\" aria-label=\"Formulario Pol\u00edticas de Privacidad\">\n\t\t\t<input type=\"hidden\" name=\"post_id\" value=\"3\"\/>\n\t\t\t<input type=\"hidden\" name=\"form_id\" value=\"e02e440\"\/>\n\t\t\t<input type=\"hidden\" name=\"referer_title\" value=\"CG Systems\" \/>\n\n\t\t\t\n\t\t\t<div class=\"elementor-form-fields-wrapper elementor-labels-\">\n\t\t\t\t\t\t\t\t<div class=\"elementor-field-type-text elementor-field-group elementor-column elementor-field-group-name elementor-col-100 elementor-field-required\">\n\t\t\t\t\t\t\t\t\t\t\t\t<label for=\"form-field-name\" class=\"elementor-field-label elementor-screen-only\">\n\t\t\t\t\t\t\t\tNombre\t\t\t\t\t\t\t<\/label>\n\t\t\t\t\t\t\t\t\t\t\t\t\t\t<input size=\"1\" type=\"text\" name=\"form_fields[name]\" id=\"form-field-name\" class=\"elementor-field elementor-size-xs  elementor-field-textual\" placeholder=\"Nombre\" required=\"required\">\n\t\t\t\t\t\t\t\t\t\t\t<\/div>\n\t\t\t\t\t\t\t\t<div class=\"elementor-field-type-text elementor-field-group elementor-column elementor-field-group-field_a51bf7a elementor-col-100 elementor-field-required\">\n\t\t\t\t\t\t\t\t\t\t\t\t<label for=\"form-field-field_a51bf7a\" class=\"elementor-field-label elementor-screen-only\">\n\t\t\t\t\t\t\t\tEmpresa\t\t\t\t\t\t\t<\/label>\n\t\t\t\t\t\t\t\t\t\t\t\t\t\t<input size=\"1\" type=\"text\" name=\"form_fields[field_a51bf7a]\" id=\"form-field-field_a51bf7a\" class=\"elementor-field elementor-size-xs  elementor-field-textual\" placeholder=\"Empresa\" required=\"required\">\n\t\t\t\t\t\t\t\t\t\t\t<\/div>\n\t\t\t\t\t\t\t\t<div class=\"elementor-field-type-email elementor-field-group elementor-column elementor-field-group-email elementor-col-100 elementor-field-required\">\n\t\t\t\t\t\t\t\t\t\t\t\t<label for=\"form-field-email\" class=\"elementor-field-label elementor-screen-only\">\n\t\t\t\t\t\t\t\tCorreo electr\u00f3nico\t\t\t\t\t\t\t<\/label>\n\t\t\t\t\t\t\t\t\t\t\t\t\t\t<input size=\"1\" type=\"email\" name=\"form_fields[email]\" id=\"form-field-email\" class=\"elementor-field elementor-size-xs  elementor-field-textual\" placeholder=\"Correo electr\u00f3nico\" required=\"required\">\n\t\t\t\t\t\t\t\t\t\t\t<\/div>\n\t\t\t\t\t\t\t\t<div class=\"elementor-field-type-tel elementor-field-group elementor-column elementor-field-group-field_32e9137 elementor-col-100 elementor-field-required\">\n\t\t\t\t\t\t\t\t\t\t\t\t<label for=\"form-field-field_32e9137\" class=\"elementor-field-label elementor-screen-only\">\n\t\t\t\t\t\t\t\tTel\u00e9fono\t\t\t\t\t\t\t<\/label>\n\t\t\t\t\t\t\t\t<input size=\"1\" type=\"tel\" name=\"form_fields[field_32e9137]\" id=\"form-field-field_32e9137\" class=\"elementor-field elementor-size-xs  elementor-field-textual\" placeholder=\"Tel\u00e9fono\" required=\"required\" pattern=\"[0-9()#&amp;+*-=.]+\" title=\"Solo se aceptan n\u00fameros y caracteres de tel\u00e9fono (#,-,*,etc).\">\n\n\t\t\t\t\t\t<\/div>\n\t\t\t\t\t\t\t\t<div class=\"elementor-field-type-textarea elementor-field-group elementor-column elementor-field-group-message elementor-col-100 elementor-field-required\">\n\t\t\t\t\t\t\t\t\t\t\t\t<label for=\"form-field-message\" class=\"elementor-field-label elementor-screen-only\">\n\t\t\t\t\t\t\t\tMensaje\t\t\t\t\t\t\t<\/label>\n\t\t\t\t\t\t<textarea class=\"elementor-field-textual elementor-field  elementor-size-xs\" name=\"form_fields[message]\" id=\"form-field-message\" rows=\"6\" placeholder=\"Mensaje\" required=\"required\"><\/textarea>\t\t\t\t<\/div>\n\t\t\t\t\t\t\t\t<div class=\"elementor-field-type-recaptcha elementor-field-group elementor-column elementor-field-group-field_9a0020c elementor-col-100\">\n\t\t\t\t\t<div class=\"elementor-field\" id=\"form-field-field_9a0020c\"><div class=\"elementor-g-recaptcha\" data-sitekey=\"6LcGu2YhAAAAANHDJuOCV5QgwC2kBOxD-e_iGyEG\" data-type=\"v2_checkbox\" data-theme=\"light\" data-size=\"normal\"><\/div><\/div>\t\t\t\t<\/div>\n\t\t\t\t\t\t\t\t<div class=\"elementor-field-group elementor-column elementor-field-type-submit elementor-col-50 e-form__buttons\">\n\t\t\t\t\t<button class=\"elementor-button elementor-size-sm\" type=\"submit\">\n\t\t\t\t\t\t<span class=\"elementor-button-content-wrapper\">\n\t\t\t\t\t\t\t\t\t\t\t\t\t\t\t\t\t\t\t\t\t\t<span class=\"elementor-button-text\">Enviar<\/span>\n\t\t\t\t\t\t\t\t\t\t\t\t\t<\/span>\n\t\t\t\t\t<\/button>\n\t\t\t\t<\/div>\n\t\t\t<\/div>\n\t\t<\/form>\n\t\t\t\t\t\t<\/div>\n\t\t\t\t<\/div>\n\t\t\t\t<div class=\"elementor-element elementor-element-d894fba elementor-widget elementor-widget-text-editor\" data-id=\"d894fba\" data-element_type=\"widget\" data-e-type=\"widget\" data-widget_type=\"text-editor.default\">\n\t\t\t\t<div class=\"elementor-widget-container\">\n\t\t\t\t\t\t\t\t\t<p>Escr\u00edbanos pidiendo una cotizaci\u00f3n o si tiene alguna duda, le responderemos a la brevedad.<\/p>\t\t\t\t\t\t\t\t<\/div>\n\t\t\t\t<\/div>\n\t\t\t\t\t<\/div>\n\t\t<\/div>\n\t\t\t\t\t<\/div>\n\t\t<\/section>\n\t\t\t\t<\/div>\n\t\t","protected":false},"excerpt":{"rendered":"<p>POL\u00cdTICAS Revise y descargue nuestras variadas pol\u00edticas respecto a la seguridad y el uso de sus datos en un solo documento. Descarga y revisa nuestras pol\u00edticas: POL\u00cdTICA DE PRIVACIDAD Y COOKIES POL\u00cdTICA DE SEGURIDAD DE LA INFORMACI\u00d3N CONTACTO Escr\u00edbanos pidiendo una cotizaci\u00f3n o si tiene alguna duda, le responderemos a la brevedad.<\/p>\n","protected":false},"author":1,"featured_media":276,"parent":0,"menu_order":0,"comment_status":"closed","ping_status":"open","template":"elementor_header_footer","meta":{"site-sidebar-layout":"no-sidebar","site-content-layout":"page-builder","ast-site-content-layout":"","site-content-style":"default","site-sidebar-style":"default","ast-global-header-display":"","ast-banner-title-visibility":"","ast-main-header-display":"","ast-hfb-above-header-display":"","ast-hfb-below-header-display":"","ast-hfb-mobile-header-display":"","site-post-title":"disabled","ast-breadcrumbs-content":"","ast-featured-img":"disabled","footer-sml-layout":"","theme-transparent-header-meta":"default","adv-header-id-meta":"","stick-header-meta":"","header-above-stick-meta":"","header-main-stick-meta":"","header-below-stick-meta":"","astra-migrate-meta-layouts":"default","ast-page-background-enabled":"default","ast-page-background-meta":{"desktop":{"background-color":"var(--ast-global-color-4)","background-image":"","background-repeat":"repeat","background-position":"center center","background-size":"auto","background-attachment":"scroll","background-type":"","background-media":"","overlay-type":"","overlay-color":"","overlay-opacity":"","overlay-gradient":""},"tablet":{"background-color":"","background-image":"","background-repeat":"repeat","background-position":"center center","background-size":"auto","background-attachment":"scroll","background-type":"","background-media":"","overlay-type":"","overlay-color":"","overlay-opacity":"","overlay-gradient":""},"mobile":{"background-color":"","background-image":"","background-repeat":"repeat","background-position":"center center","background-size":"auto","background-attachment":"scroll","background-type":"","background-media":"","overlay-type":"","overlay-color":"","overlay-opacity":"","overlay-gradient":""}},"ast-content-background-meta":{"desktop":{"background-color":"var(--ast-global-color-5)","background-image":"","background-repeat":"repeat","background-position":"center center","background-size":"auto","background-attachment":"scroll","background-type":"","background-media":"","overlay-type":"","overlay-color":"","overlay-opacity":"","overlay-gradient":""},"tablet":{"background-color":"var(--ast-global-color-5)","background-image":"","background-repeat":"repeat","background-position":"center center","background-size":"auto","background-attachment":"scroll","background-type":"","background-media":"","overlay-type":"","overlay-color":"","overlay-opacity":"","overlay-gradient":""},"mobile":{"background-color":"var(--ast-global-color-5)","background-image":"","background-repeat":"repeat","background-position":"center center","background-size":"auto","background-attachment":"scroll","background-type":"","background-media":"","overlay-type":"","overlay-color":"","overlay-opacity":"","overlay-gradient":""}},"footnotes":""},"class_list":["post-3","page","type-page","status-publish","has-post-thumbnail","hentry"],"yoast_head":"<!-- This site is optimized with the Yoast SEO plugin v27.6 - https:\/\/yoast.com\/product\/yoast-seo-wordpress\/ -->\n<title>POL\u00cdTICAS | CG Systems<\/title>\n<meta name=\"description\" content=\"Aqu\u00ed encontrar\u00e1s todas las pol\u00edticas de CG Systems, tales como privacidad, legales, seguridad y cookies, las puedes descargar en PDF\" \/>\n<meta name=\"robots\" content=\"index, follow, max-snippet:-1, max-image-preview:large, max-video-preview:-1\" \/>\n<link rel=\"canonical\" href=\"https:\/\/cg-sys.com\/home\/politicas\/\" \/>\n<meta property=\"og:locale\" content=\"es_ES\" \/>\n<meta property=\"og:type\" content=\"article\" \/>\n<meta property=\"og:title\" content=\"POL\u00cdTICAS | CG Systems\" \/>\n<meta property=\"og:description\" content=\"Aqu\u00ed encontrar\u00e1s todas las pol\u00edticas de CG Systems, tales como privacidad, legales, seguridad y cookies, las puedes descargar en PDF\" \/>\n<meta property=\"og:url\" content=\"https:\/\/cg-sys.com\/home\/politicas\/\" \/>\n<meta property=\"og:site_name\" content=\"CG Systems\" \/>\n<meta property=\"article:modified_time\" content=\"2022-08-11T01:38:19+00:00\" \/>\n<meta property=\"og:image\" content=\"https:\/\/cg-sys.com\/home\/wp-content\/uploads\/2022\/07\/destacada-politicas.jpg\" \/>\n\t<meta property=\"og:image:width\" content=\"1024\" \/>\n\t<meta property=\"og:image:height\" content=\"720\" \/>\n\t<meta property=\"og:image:type\" content=\"image\/jpeg\" \/>\n<meta name=\"twitter:card\" content=\"summary_large_image\" \/>\n<meta name=\"twitter:title\" content=\"POL\u00cdTICAS | CG Systems\" \/>\n<meta name=\"twitter:description\" content=\"Aqu\u00ed encontrar\u00e1s todas las pol\u00edticas de CG Systems, tales como privacidad, legales, seguridad y cookies, las puedes descargar en PDF\" \/>\n<meta name=\"twitter:image\" content=\"https:\/\/cg-sys.com\/home\/wp-content\/uploads\/2022\/07\/destacada-politicas.jpg\" \/>\n<meta name=\"twitter:label1\" content=\"Tiempo de lectura\" \/>\n\t<meta name=\"twitter:data1\" content=\"1 minuto\" \/>\n<script type=\"application\/ld+json\" class=\"yoast-schema-graph\">{\"@context\":\"https:\\\/\\\/schema.org\",\"@graph\":[{\"@type\":\"WebPage\",\"@id\":\"https:\\\/\\\/cg-sys.com\\\/home\\\/politicas\\\/\",\"url\":\"https:\\\/\\\/cg-sys.com\\\/home\\\/politicas\\\/\",\"name\":\"POL\u00cdTICAS | CG Systems\",\"isPartOf\":{\"@id\":\"https:\\\/\\\/cg-sys.com\\\/home\\\/#website\"},\"primaryImageOfPage\":{\"@id\":\"https:\\\/\\\/cg-sys.com\\\/home\\\/politicas\\\/#primaryimage\"},\"image\":{\"@id\":\"https:\\\/\\\/cg-sys.com\\\/home\\\/politicas\\\/#primaryimage\"},\"thumbnailUrl\":\"https:\\\/\\\/cg-sys.com\\\/home\\\/wp-content\\\/uploads\\\/2022\\\/07\\\/destacada-politicas.jpg\",\"datePublished\":\"2022-06-25T00:27:46+00:00\",\"dateModified\":\"2022-08-11T01:38:19+00:00\",\"description\":\"Aqu\u00ed encontrar\u00e1s todas las pol\u00edticas de CG Systems, tales como privacidad, legales, seguridad y cookies, las puedes descargar en PDF\",\"breadcrumb\":{\"@id\":\"https:\\\/\\\/cg-sys.com\\\/home\\\/politicas\\\/#breadcrumb\"},\"inLanguage\":\"es\",\"potentialAction\":[{\"@type\":\"ReadAction\",\"target\":[\"https:\\\/\\\/cg-sys.com\\\/home\\\/politicas\\\/\"]}]},{\"@type\":\"ImageObject\",\"inLanguage\":\"es\",\"@id\":\"https:\\\/\\\/cg-sys.com\\\/home\\\/politicas\\\/#primaryimage\",\"url\":\"https:\\\/\\\/cg-sys.com\\\/home\\\/wp-content\\\/uploads\\\/2022\\\/07\\\/destacada-politicas.jpg\",\"contentUrl\":\"https:\\\/\\\/cg-sys.com\\\/home\\\/wp-content\\\/uploads\\\/2022\\\/07\\\/destacada-politicas.jpg\",\"width\":1024,\"height\":720,\"caption\":\"CG Systems - Pol\u00edticas\"},{\"@type\":\"BreadcrumbList\",\"@id\":\"https:\\\/\\\/cg-sys.com\\\/home\\\/politicas\\\/#breadcrumb\",\"itemListElement\":[{\"@type\":\"ListItem\",\"position\":1,\"name\":\"Portada\",\"item\":\"https:\\\/\\\/cg-sys.com\\\/home\\\/\"},{\"@type\":\"ListItem\",\"position\":2,\"name\":\"POL\u00cdTICAS\"}]},{\"@type\":\"WebSite\",\"@id\":\"https:\\\/\\\/cg-sys.com\\\/home\\\/#website\",\"url\":\"https:\\\/\\\/cg-sys.com\\\/home\\\/\",\"name\":\"CG Systems\",\"description\":\"Ingenier\u00eda de Software\",\"publisher\":{\"@id\":\"https:\\\/\\\/cg-sys.com\\\/home\\\/#organization\"},\"potentialAction\":[{\"@type\":\"SearchAction\",\"target\":{\"@type\":\"EntryPoint\",\"urlTemplate\":\"https:\\\/\\\/cg-sys.com\\\/home\\\/?s={search_term_string}\"},\"query-input\":{\"@type\":\"PropertyValueSpecification\",\"valueRequired\":true,\"valueName\":\"search_term_string\"}}],\"inLanguage\":\"es\"},{\"@type\":\"Organization\",\"@id\":\"https:\\\/\\\/cg-sys.com\\\/home\\\/#organization\",\"name\":\"CG-Systems\",\"url\":\"https:\\\/\\\/cg-sys.com\\\/home\\\/\",\"logo\":{\"@type\":\"ImageObject\",\"inLanguage\":\"es\",\"@id\":\"https:\\\/\\\/cg-sys.com\\\/home\\\/#\\\/schema\\\/logo\\\/image\\\/\",\"url\":\"https:\\\/\\\/cg-sys.com\\\/home\\\/wp-content\\\/uploads\\\/2022\\\/06\\\/logotipo-CG-Systems.png\",\"contentUrl\":\"https:\\\/\\\/cg-sys.com\\\/home\\\/wp-content\\\/uploads\\\/2022\\\/06\\\/logotipo-CG-Systems.png\",\"width\":390,\"height\":71,\"caption\":\"CG-Systems\"},\"image\":{\"@id\":\"https:\\\/\\\/cg-sys.com\\\/home\\\/#\\\/schema\\\/logo\\\/image\\\/\"}}]}<\/script>\n<!-- \/ Yoast SEO plugin. -->","yoast_head_json":{"title":"POL\u00cdTICAS | CG Systems","description":"Aqu\u00ed encontrar\u00e1s todas las pol\u00edticas de CG Systems, tales como privacidad, legales, seguridad y cookies, las puedes descargar en PDF","robots":{"index":"index","follow":"follow","max-snippet":"max-snippet:-1","max-image-preview":"max-image-preview:large","max-video-preview":"max-video-preview:-1"},"canonical":"https:\/\/cg-sys.com\/home\/politicas\/","og_locale":"es_ES","og_type":"article","og_title":"POL\u00cdTICAS | CG Systems","og_description":"Aqu\u00ed encontrar\u00e1s todas las pol\u00edticas de CG Systems, tales como privacidad, legales, seguridad y cookies, las puedes descargar en PDF","og_url":"https:\/\/cg-sys.com\/home\/politicas\/","og_site_name":"CG Systems","article_modified_time":"2022-08-11T01:38:19+00:00","og_image":[{"width":1024,"height":720,"url":"https:\/\/cg-sys.com\/home\/wp-content\/uploads\/2022\/07\/destacada-politicas.jpg","type":"image\/jpeg"}],"twitter_card":"summary_large_image","twitter_title":"POL\u00cdTICAS | CG Systems","twitter_description":"Aqu\u00ed encontrar\u00e1s todas las pol\u00edticas de CG Systems, tales como privacidad, legales, seguridad y cookies, las puedes descargar en PDF","twitter_image":"https:\/\/cg-sys.com\/home\/wp-content\/uploads\/2022\/07\/destacada-politicas.jpg","twitter_misc":{"Tiempo de lectura":"1 minuto"},"schema":{"@context":"https:\/\/schema.org","@graph":[{"@type":"WebPage","@id":"https:\/\/cg-sys.com\/home\/politicas\/","url":"https:\/\/cg-sys.com\/home\/politicas\/","name":"POL\u00cdTICAS | CG Systems","isPartOf":{"@id":"https:\/\/cg-sys.com\/home\/#website"},"primaryImageOfPage":{"@id":"https:\/\/cg-sys.com\/home\/politicas\/#primaryimage"},"image":{"@id":"https:\/\/cg-sys.com\/home\/politicas\/#primaryimage"},"thumbnailUrl":"https:\/\/cg-sys.com\/home\/wp-content\/uploads\/2022\/07\/destacada-politicas.jpg","datePublished":"2022-06-25T00:27:46+00:00","dateModified":"2022-08-11T01:38:19+00:00","description":"Aqu\u00ed encontrar\u00e1s todas las pol\u00edticas de CG Systems, tales como privacidad, legales, seguridad y cookies, las puedes descargar en PDF","breadcrumb":{"@id":"https:\/\/cg-sys.com\/home\/politicas\/#breadcrumb"},"inLanguage":"es","potentialAction":[{"@type":"ReadAction","target":["https:\/\/cg-sys.com\/home\/politicas\/"]}]},{"@type":"ImageObject","inLanguage":"es","@id":"https:\/\/cg-sys.com\/home\/politicas\/#primaryimage","url":"https:\/\/cg-sys.com\/home\/wp-content\/uploads\/2022\/07\/destacada-politicas.jpg","contentUrl":"https:\/\/cg-sys.com\/home\/wp-content\/uploads\/2022\/07\/destacada-politicas.jpg","width":1024,"height":720,"caption":"CG Systems - Pol\u00edticas"},{"@type":"BreadcrumbList","@id":"https:\/\/cg-sys.com\/home\/politicas\/#breadcrumb","itemListElement":[{"@type":"ListItem","position":1,"name":"Portada","item":"https:\/\/cg-sys.com\/home\/"},{"@type":"ListItem","position":2,"name":"POL\u00cdTICAS"}]},{"@type":"WebSite","@id":"https:\/\/cg-sys.com\/home\/#website","url":"https:\/\/cg-sys.com\/home\/","name":"CG Systems","description":"Ingenier\u00eda de Software","publisher":{"@id":"https:\/\/cg-sys.com\/home\/#organization"},"potentialAction":[{"@type":"SearchAction","target":{"@type":"EntryPoint","urlTemplate":"https:\/\/cg-sys.com\/home\/?s={search_term_string}"},"query-input":{"@type":"PropertyValueSpecification","valueRequired":true,"valueName":"search_term_string"}}],"inLanguage":"es"},{"@type":"Organization","@id":"https:\/\/cg-sys.com\/home\/#organization","name":"CG-Systems","url":"https:\/\/cg-sys.com\/home\/","logo":{"@type":"ImageObject","inLanguage":"es","@id":"https:\/\/cg-sys.com\/home\/#\/schema\/logo\/image\/","url":"https:\/\/cg-sys.com\/home\/wp-content\/uploads\/2022\/06\/logotipo-CG-Systems.png","contentUrl":"https:\/\/cg-sys.com\/home\/wp-content\/uploads\/2022\/06\/logotipo-CG-Systems.png","width":390,"height":71,"caption":"CG-Systems"},"image":{"@id":"https:\/\/cg-sys.com\/home\/#\/schema\/logo\/image\/"}}]}},"_links":{"self":[{"href":"https:\/\/cg-sys.com\/home\/wp-json\/wp\/v2\/pages\/3","targetHints":{"allow":["GET"]}}],"collection":[{"href":"https:\/\/cg-sys.com\/home\/wp-json\/wp\/v2\/pages"}],"about":[{"href":"https:\/\/cg-sys.com\/home\/wp-json\/wp\/v2\/types\/page"}],"author":[{"embeddable":true,"href":"https:\/\/cg-sys.com\/home\/wp-json\/wp\/v2\/users\/1"}],"replies":[{"embeddable":true,"href":"https:\/\/cg-sys.com\/home\/wp-json\/wp\/v2\/comments?post=3"}],"version-history":[{"count":0,"href":"https:\/\/cg-sys.com\/home\/wp-json\/wp\/v2\/pages\/3\/revisions"}],"wp:featuredmedia":[{"embeddable":true,"href":"https:\/\/cg-sys.com\/home\/wp-json\/wp\/v2\/media\/276"}],"wp:attachment":[{"href":"https:\/\/cg-sys.com\/home\/wp-json\/wp\/v2\/media?parent=3"}],"curies":[{"name":"wp","href":"https:\/\/api.w.org\/{rel}","templated":true}]}}